{"id":59,"date":"2020-08-04T16:39:35","date_gmt":"2020-08-04T16:39:35","guid":{"rendered":"https:\/\/www.fwg-asbach.de\/?page_id=59"},"modified":"2020-08-04T16:45:51","modified_gmt":"2020-08-04T16:45:51","slug":"ueber-die-fwg","status":"publish","type":"page","link":"https:\/\/www.fwg-asbach.de\/index.php\/ueber-die-fwg\/","title":{"rendered":"\u00dcber die FWG"},"content":{"rendered":"\n<p>Die\n<strong>FWG<\/strong>\nwurde 1979 gegr\u00fcndet und nannte sich damals <strong>UFWG\n<\/strong>Asbach.\nSeit dieser Zeit sind die Freien W\u00e4hlergemeinschaften in den R\u00e4ten\nvertreten.<\/p>\n\n\n\n<p>Die\n<strong>FWG<\/strong>en\nwollen eine sachbezogene, realistische und b\u00fcrgernahe Politik f\u00fcr\ndie B\u00fcrgerinnen und B\u00fcrger in der Verbandsgemeinde gestalten.<\/p>\n\n\n\n<p>Unsere\n<strong>FREIE W\u00c4HLERGEMEINSCHAFT<\/strong>\nist parteiunabh\u00e4ngig\nund eine echte Alternative\nzu den anderen Parteien.<\/p>\n\n\n\n<p>Und\ndas ohne Fraktionszwang und parteiideologischen Vorgaben.            \n                   \n<\/p>\n\n\n\n<p>Wir die <strong>FREIE W\u00c4HLERGEMEINSCHAFT<\/strong> haben keine ideologisch festgelegten Parteiprogramme und handeln getreu unserer Satzung. <br><\/p>\n\n\n\n<p>Die FWG ist eine selbst\u00e4ndige politische Organisation.&nbsp; Sie ist unabh\u00e4ngig von Weisungen oder \u00fcbergeordneten Strukturen, von Ideologien und von politischen, philosophischen oder religi\u00f6sen Weltanschauungen. <br>&nbsp;<br>Die FWG ist jederzeit gespr\u00e4chsbereit f\u00fcr alle B\u00fcrger und Unternehmen, ihre Organisationen, Vereine und Gruppen, sofern diese keine undemokratischen, extremistischen oder gewaltt\u00e4tigen Ziele verfolgen.&nbsp; Sie l\u00e4sst sich jedoch nicht f\u00fcr deren Ziele instrumentalisieren, sondern pr\u00fcft in jedem Fall, ob sich das gew\u00fcnschte Engagement mit ihren eigenen Grunds\u00e4tzen vereinbaren l\u00e4sst. <br>&nbsp;<br>Die FWG ist ausschlie\u00dflich ihren Mitgliedern und W\u00e4hlern verantwortlich. Sie setzt in ihrer politischen Arbeit bewusst auf wechselnde Mehrheiten, um sich von Fall zu Fall ohne unangebrachte R\u00fccksichtnahme auf eine andere Organisation so entscheiden zu k\u00f6nnen, wie sie es in der \u00d6ffentlichkeit zu tun vorgibt. <br>&nbsp;<br>Um ihrer Glaubw\u00fcrdigkeit willen erf\u00fcllt die FWG, wenn ihre Position keine Mehrheit findet, die Funktion einer konstruktiven Opposition unter st\u00e4ndiger Information und Einbeziehung der \u00d6ffentlichkeit.&nbsp;<\/p>\n","protected":false},"excerpt":{"rendered":"<p>Die FWG wurde 1979 gegr\u00fcndet und nannte sich damals UFWG Asbach. Seit dieser Zeit sind die Freien W\u00e4hlergemeinschaften in den&hellip;<\/p>\n","protected":false},"author":1,"featured_media":0,"parent":0,"menu_order":0,"comment_status":"closed","ping_status":"closed","template":"","meta":{"footnotes":""},"_links":{"self":[{"href":"https:\/\/www.fwg-asbach.de\/index.php\/wp-json\/wp\/v2\/pages\/59"}],"collection":[{"href":"https:\/\/www.fwg-asbach.de\/index.php\/wp-json\/wp\/v2\/pages"}],"about":[{"href":"https:\/\/www.fwg-asbach.de\/index.php\/wp-json\/wp\/v2\/types\/page"}],"author":[{"embeddable":true,"href":"https:\/\/www.fwg-asbach.de\/index.php\/wp-json\/wp\/v2\/users\/1"}],"replies":[{"embeddable":true,"href":"https:\/\/www.fwg-asbach.de\/index.php\/wp-json\/wp\/v2\/comments?post=59"}],"version-history":[{"count":3,"href":"https:\/\/www.fwg-asbach.de\/index.php\/wp-json\/wp\/v2\/pages\/59\/revisions"}],"predecessor-version":[{"id":121,"href":"https:\/\/www.fwg-asbach.de\/index.php\/wp-json\/wp\/v2\/pages\/59\/revisions\/121"}],"wp:attachment":[{"href":"https:\/\/www.fwg-asbach.de\/index.php\/wp-json\/wp\/v2\/media?parent=59"}],"curies":[{"name":"wp","href":"https:\/\/api.w.org\/{rel}","templated":true}]}}